{"id":1394,"date":"2025-06-25T22:55:02","date_gmt":"2025-06-25T20:55:02","guid":{"rendered":"https:\/\/leader-in-mind.net\/?page_id=1394"},"modified":"2025-06-25T22:55:02","modified_gmt":"2025-06-25T20:55:02","slug":"home-3","status":"publish","type":"page","link":"https:\/\/leader-in-mind.net\/en\/home-3\/","title":{"rendered":"Home"},"content":{"rendered":"<\/div><\/div><\/div><!-- close content main div --><\/div><\/div><div id='layer_slider_1'  class='avia-layerslider main_color avia-shadow  container_wrap sidebar_right'  style='height: 701px;'  ><\/div>\n<\/div><\/div><\/div><!-- close content main div --><\/div><\/div>\n<style type=\"text\/css\" data-created_by=\"avia_inline_auto\" id=\"style-css-av-1lcj8t-90dedc35af2e171d0f8ac951b620ab65\">\n.avia-section.av-1lcj8t-90dedc35af2e171d0f8ac951b620ab65{\nbackground-color:#e0d9cc;\nbackground-image:unset;\n}\n<\/style>\n<div id='av_section_1'  class='avia-section av-1lcj8t-90dedc35af2e171d0f8ac951b620ab65 main_color avia-section-default avia-no-shadow avia-bg-style-scroll container_wrap sidebar_right'  ><div class='container av-section-cont-open' ><div class='template-page content  av-content-small alpha units'><div class='post-entry post-entry-type-page post-entry-1394'><div class='entry-content-wrapper clearfix'>\n\n<style type=\"text\/css\" data-created_by=\"avia_inline_auto\" id=\"style-css-av-1ko5rx-550be26117ab43c5d8f570c90b875634\">\n#top .hr.hr-invisible.av-1ko5rx-550be26117ab43c5d8f570c90b875634{\nheight:20px;\n}\n<\/style>\n<div  class='hr av-1ko5rx-550be26117ab43c5d8f570c90b875634 hr-invisible'><span class='hr-inner '><span class=\"hr-inner-style\"><\/span><\/span><\/div>\n<section  class='av_textblock_section av-1j29il-eb67d44fb41e62fc4697cb63f99a5d0f '   itemscope=\"itemscope\" itemtype=\"https:\/\/schema.org\/CreativeWork\" ><div class='avia_textblock'  itemprop=\"text\" ><p><img loading=\"lazy\" decoding=\"async\" class=\"wp-image-138 size-full aligncenter\" src=\"https:\/\/leader-in-mind.net\/wp-content\/uploads\/2017\/12\/trenner.png\" alt=\"\" width=\"144\" height=\"19\"><\/p>\n<\/div><\/section>\n<section  class='av_textblock_section av-1hqcqx-e79eb38f9210e72470571af126882f2d '   itemscope=\"itemscope\" itemtype=\"https:\/\/schema.org\/CreativeWork\" ><div class='avia_textblock'  itemprop=\"text\" ><p style=\"text-align: center;\"><span style=\"font-size: 18pt;\">Wie gelingt F\u00fchrung in einer Arbeitswelt, die sich rasant ver\u00e4ndert?<\/span><br \/>\n<span style=\"font-size: 18pt;\"> Wie f\u00fchren Sie Menschen, wenn alte Sicherheiten schwinden \u2013 und neue Erwartungen auf Sie treffen?<\/span><br \/>\n<span style=\"font-size: 18pt;\"> Wie navigieren Sie zwischen Anspr\u00fcchen der Unternehmensleitung und den Bed\u00fcrfnissen Ihrer Teams?<\/span><\/p>\n<p style=\"text-align: center;\"><span style=\"font-size: 18pt;\">F\u00fchrung ver\u00e4ndert sich. Die Zeiten, in denen F\u00fchrungskr\u00e4fte alles wissen und k\u00f6nnen mussten, gehen zu Ende.<\/span><br \/>\n<span style=\"font-size: 18pt;\"> Taylorismus ade \u2013 Co-Kreativit\u00e4t, Sinn, Haltung und Beziehung r\u00fccken in den Fokus.<\/span><\/p>\n<p style=\"text-align: center;\"><span style=\"font-size: 18pt;\">Neue Generationen stellen andere Fragen an Arbeit. Teams wollen sich anders organisieren. Und die Frage ist nicht mehr nur:<\/span><br \/>\n<span style=\"font-size: 18pt;\"> Wie soll F\u00fchrung in Zukunft aussehen?<\/span><br \/>\n<span style=\"font-size: 18pt;\"> Sondern auch:\u00a0Braucht es sie \u00fcberhaupt noch \u2013 und wenn ja, in welcher Form?<\/span><\/p>\n<p style=\"text-align: center;\"><span style=\"font-size: 18pt;\">F\u00fchrung verliert den Fokus auf das Wesentliche, wenn sie nicht bewusst gelebt und vorgelebt wird.<\/span><br \/>\n<span style=\"font-size: 18pt;\"> Nur wer Ver\u00e4nderung selbst verk\u00f6rpert, kann wirksam f\u00fchren.<\/span><\/p>\n<p style=\"text-align: center;\"><span style=\"font-size: 18pt;\">Deshalb schaffen wir Erfahrungs- und Dialogr\u00e4ume, in denen Sie Ihre F\u00fchrungsrolle\u00a0reflektieren, entwickeln und neu ausrichten\u00a0k\u00f6nnen:<\/span><\/p>\n<\/div><\/section>\n<section  class='av_textblock_section av-3k3fui-eb18e71a297793920acb25c33194daa1 '   itemscope=\"itemscope\" itemtype=\"https:\/\/schema.org\/CreativeWork\" ><div class='avia_textblock'  itemprop=\"text\" ><p><img loading=\"lazy\" decoding=\"async\" class=\"wp-image-138 size-full aligncenter\" src=\"https:\/\/leader-in-mind.net\/wp-content\/uploads\/2017\/12\/trenner.png\" alt=\"\" width=\"144\" height=\"19\"><\/p>\n<\/div><\/section>\n\n<style type=\"text\/css\" data-created_by=\"avia_inline_auto\" id=\"style-css-av-1hkh0p-47ca03d5e75378eba17fc2bb3e3bf5f5\">\n#top .hr.hr-invisible.av-1hkh0p-47ca03d5e75378eba17fc2bb3e3bf5f5{\nheight:30px;\n}\n<\/style>\n<div  class='hr av-1hkh0p-47ca03d5e75378eba17fc2bb3e3bf5f5 hr-invisible'><span class='hr-inner '><span class=\"hr-inner-style\"><\/span><\/span><\/div>\n<\/div><\/div><\/div><!-- close content main div --><\/div><\/div><div id='after_section_1'  class='main_color av_default_container_wrap container_wrap sidebar_right'  ><div class='container av-section-cont-open' ><div class='template-page content  av-content-small alpha units'><div class='post-entry post-entry-type-page post-entry-1394'><div class='entry-content-wrapper clearfix'><\/div><\/div><\/div><!-- close content main div --><\/div><\/div><div id='ansatz'  class='avia-section av-1gueil-dd781a497c588e2e033496e7aa339a01 main_color avia-section-default avia-no-border-styling  avia-builder-el-1  el_after_av_textblock  el_before_av_section  avia-bg-style-scroll container_wrap sidebar_right'  ><div class='container av-section-cont-open' ><div class='template-page content  av-content-small alpha units'><div class='post-entry post-entry-type-page post-entry-1394'><div class='entry-content-wrapper clearfix'>\n\n<style type=\"text\/css\" data-created_by=\"avia_inline_auto\" id=\"style-css-av-1g38cp-6740f0f73ac40342653c43a247f954d7\">\n.flex_column.av-1g38cp-6740f0f73ac40342653c43a247f954d7{\nborder-radius:0px 0px 0px 0px;\npadding:0px 0px 0px 0px;\n}\n<\/style>\n<div  class='flex_column av-1g38cp-6740f0f73ac40342653c43a247f954d7 av_one_full first flex_column_div av-zero-column-padding  '     ><p>\n<style type=\"text\/css\" data-created_by=\"avia_inline_auto\" id=\"style-css-av-erkft-284b3556af4c2bb84bb2296ca9f95c32\">\n#top .hr.hr-invisible.av-erkft-284b3556af4c2bb84bb2296ca9f95c32{\nheight:10px;\n}\n<\/style>\n<div  class='hr av-erkft-284b3556af4c2bb84bb2296ca9f95c32 hr-invisible  avia-builder-el-2  el_before_av_one_full  avia-builder-el-first '><span class='hr-inner '><span class=\"hr-inner-style\"><\/span><\/span><\/div><br \/>\n<section  class='av_textblock_section av-2vxvu2-698f9f06f20036b5f98e95c114f8b353 '   itemscope=\"itemscope\" itemtype=\"https:\/\/schema.org\/CreativeWork\" ><div class='avia_textblock'  itemprop=\"text\" ><h2 style=\"text-align: center;\"><span style=\"color: #ac0234;\">Unsere Angebote im Bereich F\u00fchrungsentwicklung<\/span><\/h2>\n<\/div><\/section><br \/>\n<section  class='av_textblock_section av-1evo7x-d479a4282fbae46f6064a7fdfb801d1f '   itemscope=\"itemscope\" itemtype=\"https:\/\/schema.org\/CreativeWork\" ><div class='avia_textblock'  itemprop=\"text\" ><p><img loading=\"lazy\" decoding=\"async\" class=\"size-full wp-image-134 aligncenter\" src=\"https:\/\/leader-in-mind.net\/wp-content\/uploads\/2017\/12\/trenner_weiss.jpg\" alt=\"\" width=\"144\" height=\"19\"><\/p>\n<\/div><\/section><br \/>\n<section  class='av_textblock_section av-1ee7d1-fa46e11ea578291f39d44a9570d16247 '   itemscope=\"itemscope\" itemtype=\"https:\/\/schema.org\/CreativeWork\" ><div class='avia_textblock'  itemprop=\"text\" ><p style=\"text-align: center;\"><span style=\"font-size: 18pt;\"><strong>Executive Coaching<\/strong><\/span><br \/>\n<span style=\"font-size: 18pt;\"> F\u00fcr Menschen in Verantwortung, die Reflexion, Fokus und einen vertraulichen Resonanzraum suchen. Wir arbeiten klar, fundiert und mit dem Ziel, Wirksamkeit zu entfalten \u2013 nach innen wie nach au\u00dfen.<\/span><\/p>\n<\/div><\/section><br \/>\n<div  class='avia-button-wrap av-mccbslta-336c9ae9ecc088e9dc3462ff1df4546b-wrap avia-button-center '>\n<style type=\"text\/css\" data-created_by=\"avia_inline_auto\" id=\"style-css-av-mccbslta-336c9ae9ecc088e9dc3462ff1df4546b\">\n#top #wrap_all .avia-button.av-mccbslta-336c9ae9ecc088e9dc3462ff1df4546b{\nfont-size:26px;\nbackground-color:#e0d9cc;\nborder-color:#e0d9cc;\ncolor:#ffffff;\ntransition:all 0.4s ease-in-out;\npadding:10px 10px 10px 10px;\n}\n#top #wrap_all .avia-button.av-mccbslta-336c9ae9ecc088e9dc3462ff1df4546b .avia-svg-icon svg:first-child{\nfill:#ffffff;\nstroke:#ffffff;\n}\n<\/style>\n<a href=''  class='avia-button av-mccbslta-336c9ae9ecc088e9dc3462ff1df4546b av-link-btn avia-icon_select-no avia-size-small avia-position-center'   aria-label=\"weitere Informationen\"><span class='avia_iconbox_title' >weitere Informationen<\/span><\/a><\/div><br \/>\n<section  class='av_textblock_section av-mccf68lj-155178c59bd13c21bd1a247763007899 '   itemscope=\"itemscope\" itemtype=\"https:\/\/schema.org\/CreativeWork\" ><div class='avia_textblock'  itemprop=\"text\" ><p style=\"text-align: center;\"><span style=\"font-size: 18pt;\"><strong>Leading Self. Ein Leadership Retreat<\/strong><\/span><br \/>\n<span style=\"font-size: 18pt;\"> F\u00fcr F\u00fchrungspers\u00f6nlichkeiten, die sich Raum f\u00fcr Orientierung, Entwicklung und pers\u00f6nliche Neuausrichtung nehmen wollen. Ein Retreat schafft Abstand vom Alltag \u2013 und neue N\u00e4he zu dem, was wirklich z\u00e4hlt.<\/span><\/p>\n<\/div><\/section><br \/>\n<div  class='avia-button-wrap av-mccf6wte-7924c42109dc9705bb2c07f784c7980c-wrap avia-button-center '>\n<style type=\"text\/css\" data-created_by=\"avia_inline_auto\" id=\"style-css-av-mccf6wte-7924c42109dc9705bb2c07f784c7980c\">\n#top #wrap_all .avia-button.av-mccf6wte-7924c42109dc9705bb2c07f784c7980c{\nfont-size:26px;\nbackground-color:#e0d9cc;\nborder-color:#e0d9cc;\ncolor:#ffffff;\ntransition:all 0.4s ease-in-out;\npadding:10px 10px 10px 10px;\n}\n#top #wrap_all .avia-button.av-mccf6wte-7924c42109dc9705bb2c07f784c7980c .avia-svg-icon svg:first-child{\nfill:#ffffff;\nstroke:#ffffff;\n}\n<\/style>\n<a href=''  class='avia-button av-mccf6wte-7924c42109dc9705bb2c07f784c7980c av-link-btn avia-icon_select-no avia-size-small avia-position-center'   aria-label=\"weitere Informationen\"><span class='avia_iconbox_title' >weitere Informationen<\/span><\/a><\/div><br \/>\n<section  class='av_textblock_section av-1a2ql-3e2e4a9069b51a8af11f3892e94bd472 '   itemscope=\"itemscope\" itemtype=\"https:\/\/schema.org\/CreativeWork\" ><div class='avia_textblock'  itemprop=\"text\" ><p><img loading=\"lazy\" decoding=\"async\" class=\"size-full wp-image-134 aligncenter\" src=\"https:\/\/leader-in-mind.net\/wp-content\/uploads\/2017\/12\/trenner_weiss.jpg\" alt=\"\" width=\"144\" height=\"19\"><\/p>\n<\/div><\/section><br \/>\n\n<style type=\"text\/css\" data-created_by=\"avia_inline_auto\" id=\"style-css-av-e5gzp-1bbb2528839c81f677415901242f023c\">\n#top .hr.hr-invisible.av-e5gzp-1bbb2528839c81f677415901242f023c{\nheight:30px;\n}\n<\/style>\n<div  class='hr av-e5gzp-1bbb2528839c81f677415901242f023c hr-invisible'><span class='hr-inner '><span class=\"hr-inner-style\"><\/span><\/span><\/div><br \/>\n\n<style type=\"text\/css\" data-created_by=\"avia_inline_auto\" id=\"style-css-av-2k2r9-9f9d56ddf355a2fa91b68c9f6ca4d008\">\n#top .hr.hr-invisible.av-2k2r9-9f9d56ddf355a2fa91b68c9f6ca4d008{\nheight:30px;\n}\n<\/style>\n<div  class='hr av-2k2r9-9f9d56ddf355a2fa91b68c9f6ca4d008 hr-invisible'><span class='hr-inner '><span class=\"hr-inner-style\"><\/span><\/span><\/div><br \/>\n<div  class='avia-button-wrap av-37ljuy-893a7dbe9b7ed2b6a50dad901a704d32-wrap avia-button-center '>\n<style type=\"text\/css\" data-created_by=\"avia_inline_auto\" id=\"style-css-av-37ljuy-893a7dbe9b7ed2b6a50dad901a704d32\">\n#top #wrap_all .avia-button.av-37ljuy-893a7dbe9b7ed2b6a50dad901a704d32{\nfont-size:26px;\nbackground-color:#e0d9cc;\nborder-color:#e0d9cc;\ncolor:#ffffff;\ntransition:all 0.4s ease-in-out;\npadding:10px 10px 10px 10px;\n}\n#top #wrap_all .avia-button.av-37ljuy-893a7dbe9b7ed2b6a50dad901a704d32 .avia-svg-icon svg:first-child{\nfill:#ffffff;\nstroke:#ffffff;\n}\n<\/style>\n<a href=''  class='avia-button av-37ljuy-893a7dbe9b7ed2b6a50dad901a704d32 av-link-btn avia-icon_select-no avia-size-small avia-position-center'   aria-label=\"JETZT KOSTENFREI ERSTGESPR\u00c4CH BUCHEN\"><span class='avia_iconbox_title' >JETZT KOSTENFREI ERSTGESPR\u00c4CH BUCHEN<\/span><\/a><\/div><br \/>\n\n<style type=\"text\/css\" data-created_by=\"avia_inline_auto\" id=\"style-css-av-8dbx-4f6a421037a6d9c3038553388ee3daa1\">\n#top .hr.hr-invisible.av-8dbx-4f6a421037a6d9c3038553388ee3daa1{\nheight:30px;\n}\n<\/style>\n<div  class='hr av-8dbx-4f6a421037a6d9c3038553388ee3daa1 hr-invisible'><span class='hr-inner '><span class=\"hr-inner-style\"><\/span><\/span><\/div><br \/>\n\n<style type=\"text\/css\" data-created_by=\"avia_inline_auto\" id=\"style-css-av-u4l5-764e63456668672d6fcb217913b464e5\">\n#top .hr.hr-invisible.av-u4l5-764e63456668672d6fcb217913b464e5{\nheight:30px;\n}\n<\/style>\n<div  class='hr av-u4l5-764e63456668672d6fcb217913b464e5 hr-invisible'><span class='hr-inner '><span class=\"hr-inner-style\"><\/span><\/span><\/div><\/p><\/div><\/div><\/div><\/div><!-- close content main div --><\/div><\/div>\n<style type=\"text\/css\" data-created_by=\"avia_inline_auto\" id=\"style-css-av-1ds72t-ff6c7893542d45dd69a1fa504dc05dd6\">\n.avia-section.av-1ds72t-ff6c7893542d45dd69a1fa504dc05dd6 .av-parallax .av-parallax-inner{\nbackground-repeat:no-repeat;\nbackground-image:url(https:\/\/leader-in-mind.net\/wp-content\/uploads\/2025\/06\/DSC4771-scaled.jpg);\nbackground-position:50% 50%;\nbackground-attachment:scroll;\n}\n.avia-section.av-1ds72t-ff6c7893542d45dd69a1fa504dc05dd6 .av-section-color-overlay{\nopacity:0.8;\nbackground-color:#b02b2c;\n}\n<\/style>\n<div id='av_section_3'  class='avia-section av-1ds72t-ff6c7893542d45dd69a1fa504dc05dd6 main_color avia-section-default avia-no-shadow av-parallax-section avia-bg-style-parallax av-section-color-overlay-active av-minimum-height av-minimum-height-50 av-height-50  container_wrap sidebar_right'  data-section-bg-repeat='no-repeat' data-av_minimum_height_pc='50' data-av_min_height_opt='50'><div class='av-parallax' data-avia-parallax-ratio='0.3' ><div class='av-parallax-inner main_color avia-full-stretch'><\/div><\/div><div class=\"av-section-color-overlay-wrap\"><div class=\"av-section-color-overlay\"><\/div><div class='container av-section-cont-open' ><div class='template-page content  av-content-small alpha units'><div class='post-entry post-entry-type-page post-entry-1394'><div class='entry-content-wrapper clearfix'>\n\n<style type=\"text\/css\" data-created_by=\"avia_inline_auto\" id=\"style-css-av-1d5b8h-2eaf3b85d4ddaf85d6e9059ead77c6c1\">\n#top .av_textblock_section.av-1d5b8h-2eaf3b85d4ddaf85d6e9059ead77c6c1 .avia_textblock{\nfont-size:28px;\n}\n<\/style>\n<section  class='av_textblock_section av-1d5b8h-2eaf3b85d4ddaf85d6e9059ead77c6c1 '   itemscope=\"itemscope\" itemtype=\"https:\/\/schema.org\/CreativeWork\" ><div class='avia_textblock'  itemprop=\"text\" ><h3 style=\"text-align: center;\"><span style=\"color: #ffffff; font-size: 24pt;\">\u201eLeadership si not about being in charge. It\u2018s about taking care  of those in your charge.\u201c<br \/>\nSimon Sinek, Author<br \/>\n<\/span><\/h3>\n<\/div><\/section>\n<\/div><\/div><\/div><!-- close content main div --><\/div><\/div><\/div><div id='after_section_3'  class='main_color av_default_container_wrap container_wrap sidebar_right'  ><div class='container av-section-cont-open' ><div class='template-page content  av-content-small alpha units'><div class='post-entry post-entry-type-page post-entry-1394'><div class='entry-content-wrapper clearfix'><\/p>\n<\/div><\/div><\/div><!-- close content main div --><\/div><\/div>\n<style type=\"text\/css\" data-created_by=\"avia_inline_auto\" id=\"style-css-av-5m96x-c87418e9feddcd1f1db989465622e27a\">\n.avia-section.av-5m96x-c87418e9feddcd1f1db989465622e27a{\nbackground-color:#f5f3f1;\nbackground-image:unset;\n}\n<\/style>\n<div id='kontakt'  class='avia-section av-5m96x-c87418e9feddcd1f1db989465622e27a main_color avia-section-default avia-no-border-styling avia-bg-style-scroll container_wrap sidebar_right'  ><div class='container av-section-cont-open' ><div class='template-page content  av-content-small alpha units'><div class='post-entry post-entry-type-page post-entry-1394'><div class='entry-content-wrapper clearfix'>\n\n<style type=\"text\/css\" data-created_by=\"avia_inline_auto\" id=\"style-css-av-24ivp-d98ed8a4c87a577b1fc754e8ea198be9\">\n#top .hr.hr-invisible.av-24ivp-d98ed8a4c87a577b1fc754e8ea198be9{\nheight:30px;\n}\n<\/style>\n<div  class='hr av-24ivp-d98ed8a4c87a577b1fc754e8ea198be9 hr-invisible'><span class='hr-inner '><span class=\"hr-inner-style\"><\/span><\/span><\/div>\n\n<style type=\"text\/css\" data-created_by=\"avia_inline_auto\" id=\"style-css-av-574qx-4d19f0006687c43eb6fce721631d5751\">\n.flex_column.av-574qx-4d19f0006687c43eb6fce721631d5751{\nborder-radius:0px 0px 0px 0px;\npadding:0px 0px 0px 0px;\n}\n<\/style>\n<div  class='flex_column av-574qx-4d19f0006687c43eb6fce721631d5751 av_one_full  avia-builder-el-3  el_after_av_hr  avia-builder-el-last  first flex_column_div av-zero-column-padding  '     ><section  class='av_textblock_section av-1ktp5-5697d963f6cb934ba7e8314cefaf1901 '   itemscope=\"itemscope\" itemtype=\"https:\/\/schema.org\/CreativeWork\" ><div class='avia_textblock'  itemprop=\"text\" ><h2 style=\"text-align: center;\"><span style=\"color: #ac0234;\">Sie m\u00f6chten mehr erfahren oder direkt einsteigen?<\/span><\/h2>\n<\/div><\/section><br \/>\n<section  class='av_textblock_section av-13l91-c1de013e55dde193c2797b2779c87754 '   itemscope=\"itemscope\" itemtype=\"https:\/\/schema.org\/CreativeWork\" ><div class='avia_textblock'  itemprop=\"text\" ><p><img loading=\"lazy\" decoding=\"async\" class=\"wp-image-138 size-full aligncenter\" src=\"https:\/\/leader-in-mind.net\/wp-content\/uploads\/2017\/12\/trenner.png\" alt=\"\" width=\"144\" height=\"19\"><\/p>\n<\/div><\/section><\/p><\/div>\n<style type=\"text\/css\" data-created_by=\"avia_inline_auto\" id=\"style-css-av-39mqp-13e0c75f593791c7121aed127b6ebada\">\n.flex_column.av-39mqp-13e0c75f593791c7121aed127b6ebada{\nborder-radius:0px 0px 0px 0px;\npadding:0px 0px 0px 0px;\n}\n<\/style>\n<div  class='flex_column av-39mqp-13e0c75f593791c7121aed127b6ebada av_one_third first flex_column_div av-zero-column-padding  '     ><section  class='av_textblock_section av-9e7p-51b08a32f54a34a2cb4a5ed9225ffc7d '   itemscope=\"itemscope\" itemtype=\"https:\/\/schema.org\/CreativeWork\" ><div class='avia_textblock'  itemprop=\"text\" ><div class=\"text_adresse\">\n<div><strong><span lang=\"EN-US\">Jetzt kostenfreies Erstgespr\u00e4ch vereinbaren<\/span><\/strong><\/div>\n<p style=\"text-align: left;\">Leader in Mind GmbH<br \/>\nBurgm\u00fcllerstrasse 30<br \/>\n40235 D\u00fcsseldorf<\/p>\n<p>T. +49.(0)211.30176786<br \/>\n<a href=\"mailto:stein-hanusch@leader-in-mind.net\"><span id=\"cloak303091e78841cae7d3c3848e8a2f424e\">stein-hanusch@leader-in-mind.net<\/span><\/a><\/p>\n<div><img loading=\"lazy\" decoding=\"async\" class=\"size-full wp-image-453 alignleft\" src=\"https:\/\/leader-in-mind.net\/wp-content\/uploads\/2018\/02\/car.png\" alt=\"\" width=\"40\" height=\"40\" srcset=\"https:\/\/leader-in-mind.net\/wp-content\/uploads\/2018\/02\/car.png 64w, https:\/\/leader-in-mind.net\/wp-content\/uploads\/2018\/02\/car-36x36.png 36w\" sizes=\"auto, (max-width: 40px) 100vw, 40px\" \/><\/div>\n<div><a href=\"https:\/\/www.google.de\/maps\/dir\/\/Burgm%C3%BCllerstra%C3%9Fe+30,+40235+D%C3%BCsseldorf\/@51.2439252,6.8232886,17z\/data=!4m8!4m7!1m0!1m5!1m1!1s0x47b8c96f6d274f7f:0xf1c7b5898771271e!2m2!1d6.8254773!2d51.2439252?hl=de\" target=\"_blank\" rel=\"noopener\">Anfahrt Google Maps<\/a><\/div>\n<\/div>\n<\/div><\/section><\/div>\n<style type=\"text\/css\" data-created_by=\"avia_inline_auto\" id=\"style-css-av-262a5-6dfc8466a660f580d38fa7b5673e6b0f\">\n.flex_column.av-262a5-6dfc8466a660f580d38fa7b5673e6b0f{\nborder-radius:0px 0px 0px 0px;\npadding:0px 0px 0px 0px;\n}\n<\/style>\n<div  class='flex_column av-262a5-6dfc8466a660f580d38fa7b5673e6b0f av_two_third flex_column_div av-zero-column-padding  '     ><div  class='av_gmaps_sc_main_wrap av_gmaps_main_wrap '><div id='av_gmap_0' class='avia-google-map-container avia-google-map-sc av_gmaps_show_unconditionally av-no-fallback-img ' data-mapid='av_gmap_0'  style='height: 300px;'><a class=\"av_gmaps_browser_disabled av_text_confirm_link av_text_confirm_link_visible\" href=\"https:\/\/www.google.com\/maps\/search\/?api=1&#038;query=Burgm\u00fcllerstrasse%2030%2040235%20D\u00fcsseldorf%20%20Germany\" target=\"_blank\">Maps were disabled by the visitor on this site. Click to open the map in a new window.<\/a><\/div><\/div><\/div>\n<\/div><\/div><\/div><!-- close content main div --><\/div><\/div><div id='after_section_4'  class='main_color av_default_container_wrap container_wrap sidebar_right'  ><div class='container av-section-cont-open' ><div class='template-page content  av-content-small alpha units'><div class='post-entry post-entry-type-page post-entry-1394'><div class='entry-content-wrapper clearfix'>\n\n<style type=\"text\/css\" data-created_by=\"avia_inline_auto\" id=\"style-css-av-ono9-0c7455260977150392c7718e862411ae\">\n.flex_column.av-ono9-0c7455260977150392c7718e862411ae{\nborder-radius:0px 0px 0px 0px;\npadding:0px 0px 0px 0px;\n}\n<\/style>\n<div  class='flex_column av-ono9-0c7455260977150392c7718e862411ae av_one_full first flex_column_div av-zero-column-padding  '     ><\/div>\n","protected":false},"excerpt":{"rendered":"","protected":false},"author":3,"featured_media":0,"parent":0,"menu_order":0,"comment_status":"closed","ping_status":"closed","template":"","meta":{"footnotes":""},"class_list":["post-1394","page","type-page","status-publish","hentry"],"_links":{"self":[{"href":"https:\/\/leader-in-mind.net\/en\/wp-json\/wp\/v2\/pages\/1394","targetHints":{"allow":["GET"]}}],"collection":[{"href":"https:\/\/leader-in-mind.net\/en\/wp-json\/wp\/v2\/pages"}],"about":[{"href":"https:\/\/leader-in-mind.net\/en\/wp-json\/wp\/v2\/types\/page"}],"author":[{"embeddable":true,"href":"https:\/\/leader-in-mind.net\/en\/wp-json\/wp\/v2\/users\/3"}],"replies":[{"embeddable":true,"href":"https:\/\/leader-in-mind.net\/en\/wp-json\/wp\/v2\/comments?post=1394"}],"version-history":[{"count":2,"href":"https:\/\/leader-in-mind.net\/en\/wp-json\/wp\/v2\/pages\/1394\/revisions"}],"predecessor-version":[{"id":1396,"href":"https:\/\/leader-in-mind.net\/en\/wp-json\/wp\/v2\/pages\/1394\/revisions\/1396"}],"wp:attachment":[{"href":"https:\/\/leader-in-mind.net\/en\/wp-json\/wp\/v2\/media?parent=1394"}],"curies":[{"name":"wp","href":"https:\/\/api.w.org\/{rel}","templated":true}]}}